{"id":31,"date":"2024-07-16T16:51:49","date_gmt":"2024-07-16T16:51:49","guid":{"rendered":"https:\/\/www.paatrak.fi\/?page_id=31"},"modified":"2025-03-02T09:34:46","modified_gmt":"2025-03-02T09:34:46","slug":"etusivu","status":"publish","type":"page","link":"https:\/\/www.paatrak.fi\/","title":{"rendered":"Etusivu"},"content":{"rendered":"\t\t<div data-elementor-type=\"wp-page\" data-elementor-id=\"31\" class=\"elementor elementor-31\">\n\t\t\t\t<div class=\"elementor-element elementor-element-c95088b e-flex e-con-boxed e-con e-parent\" data-id=\"c95088b\" data-element_type=\"container\" data-e-type=\"container\" data-settings=\"{&quot;background_background&quot;:&quot;classic&quot;}\">\n\t\t\t\t\t<div class=\"e-con-inner\">\n\t\t\t\t<div class=\"elementor-element elementor-element-aef3227 elementor-widget elementor-widget-heading\" data-id=\"aef3227\" data-element_type=\"widget\" data-e-type=\"widget\" data-widget_type=\"heading.default\">\n\t\t\t\t<div class=\"elementor-widget-container\">\n\t\t\t\t\t<h1 class=\"elementor-heading-title elementor-size-default\">Paremman rakentamisen puolesta<\/h1>\t\t\t\t<\/div>\n\t\t\t\t<\/div>\n\t\t\t\t\t<\/div>\n\t\t\t\t<\/div>\n\t\t<div class=\"elementor-element elementor-element-43f4cd1 e-flex e-con-boxed e-con e-parent\" data-id=\"43f4cd1\" data-element_type=\"container\" data-e-type=\"container\">\n\t\t\t\t\t<div class=\"e-con-inner\">\n\t\t\t\t<div class=\"elementor-element elementor-element-9566f33 elementor-widget elementor-widget-heading\" data-id=\"9566f33\" data-element_type=\"widget\" data-e-type=\"widget\" data-widget_type=\"heading.default\">\n\t\t\t\t<div class=\"elementor-widget-container\">\n\t\t\t\t\t<h2 class=\"elementor-heading-title elementor-size-default\">Sivustoa p\u00e4ivitet\u00e4\u00e4n parhaillaan. Pian p\u00e4\u00e4set lukemaan lis\u00e4\u00e4 projekteistamme ja palveluistamme.<\/h2>\t\t\t\t<\/div>\n\t\t\t\t<\/div>\n\t\t\t\t\t<\/div>\n\t\t\t\t<\/div>\n\t\t<div class=\"elementor-element elementor-element-d5328a7 e-flex e-con-boxed e-con e-parent\" data-id=\"d5328a7\" data-element_type=\"container\" data-e-type=\"container\">\n\t\t\t\t\t<div class=\"e-con-inner\">\n\t\t\t\t<div class=\"elementor-element elementor-element-c124238 elementor-widget elementor-widget-text-editor\" data-id=\"c124238\" data-element_type=\"widget\" data-e-type=\"widget\" data-widget_type=\"text-editor.default\">\n\t\t\t\t<div class=\"elementor-widget-container\">\n\t\t\t\t\t\t\t\t\t<h3>Ota yhteytt\u00e4<\/h3>\n<p>Heikki Paakinaho<br \/>heikki.paakinaho@paatrak.fi<br \/>p. 050 4099893<\/p>\t\t\t\t\t\t\t\t<\/div>\n\t\t\t\t<\/div>\n\t\t\t\t\t<\/div>\n\t\t\t\t<\/div>\n\t\t\t\t<\/div>\n\t\t","protected":false},"excerpt":{"rendered":"<p>Paremman rakentamisen puolesta Sivustoa p\u00e4ivitet\u00e4\u00e4n parhaillaan. Pian p\u00e4\u00e4set lukemaan lis\u00e4\u00e4 projekteistamme ja palveluistamme. Ota yhteytt\u00e4 Heikki Paakinahoheikki.paakinaho@paatrak.fip. 050 4099893<\/p>\n","protected":false},"author":1,"featured_media":0,"parent":0,"menu_order":0,"comment_status":"closed","ping_status":"closed","template":"","meta":{"neve_meta_sidebar":"","neve_meta_container":"","neve_meta_enable_content_width":"on","neve_meta_content_width":100,"neve_meta_title_alignment":"","neve_meta_author_avatar":"","neve_post_elements_order":"","neve_meta_disable_header":"","neve_meta_disable_footer":"","neve_meta_disable_title":"on","footnotes":""},"class_list":["post-31","page","type-page","status-publish","hentry"],"_links":{"self":[{"href":"https:\/\/www.paatrak.fi\/index.php\/wp-json\/wp\/v2\/pages\/31","targetHints":{"allow":["GET"]}}],"collection":[{"href":"https:\/\/www.paatrak.fi\/index.php\/wp-json\/wp\/v2\/pages"}],"about":[{"href":"https:\/\/www.paatrak.fi\/index.php\/wp-json\/wp\/v2\/types\/page"}],"author":[{"embeddable":true,"href":"https:\/\/www.paatrak.fi\/index.php\/wp-json\/wp\/v2\/users\/1"}],"replies":[{"embeddable":true,"href":"https:\/\/www.paatrak.fi\/index.php\/wp-json\/wp\/v2\/comments?post=31"}],"version-history":[{"count":16,"href":"https:\/\/www.paatrak.fi\/index.php\/wp-json\/wp\/v2\/pages\/31\/revisions"}],"predecessor-version":[{"id":78,"href":"https:\/\/www.paatrak.fi\/index.php\/wp-json\/wp\/v2\/pages\/31\/revisions\/78"}],"wp:attachment":[{"href":"https:\/\/www.paatrak.fi\/index.php\/wp-json\/wp\/v2\/media?parent=31"}],"curies":[{"name":"wp","href":"https:\/\/api.w.org\/{rel}","templated":true}]}}